{"id":2135,"date":"2022-03-26T13:13:43","date_gmt":"2022-03-26T13:13:43","guid":{"rendered":"https:\/\/www.icoanata.ro\/?page_id=2135"},"modified":"2022-03-26T13:14:35","modified_gmt":"2022-03-26T13:14:35","slug":"cruci-din-lemn","status":"publish","type":"page","link":"https:\/\/www.icoanata.ro\/?page_id=2135","title":{"rendered":"Cruci din lemn"},"content":{"rendered":"<div class=\"wpb-content-wrapper\"><p>[vc_row][vc_column][vc_column_text]Crucea este un binecunoscut simbol crestin, sub semnul caruia noi cei cu credinta in Dumnezeu ne ducem viata, privind la ea cu incredere, speranta si dragoste.<\/p>\n<p>Semnul crucii ne insoteste pe noi crestinii de la nastere pana dupa moarte marcand cele doua momente ale vietii. Astfel crucea ne vorbeste de purificare, la botez, de ispasire in timpul vietii, de binecuvantare la cununie si de biruinta dupa moarte. Nu intamplator oamenii inalta\u00a0troite\u00a0sau cruci la raspintii de drumuri sau in cimitire spre vesnica pomenire a celor dragi.<\/p>\n<p>C\u00e2nd ne \u00eensemn\u0103m cu Sf\u00e2nta Cruce? Orice rug\u0103ciune, orice lucru, orice mi\u015fcare din via\u0163a noastr\u0103 trebuie s\u0103 se \u00eenceap\u0103 cu Sf\u00e2nta Cruce. Suntem \u00eens\u0103 datori ca s\u0103 \u015ftim cum corect s\u0103 ne \u00eensemn\u0103m pe noi cu Crucea Domnului. A\u015fadar, semnul Sfintei Cruci \u00eel facem c\u00e2nd:<\/p>\n<p>\u2022 Ne trezim diminea\u0163a \u015fi dorim s\u0103 \u00eencepem sf\u00e2nta rug\u0103ciune,<br \/>\n\u2022 \u00cenainte \u015fi dup\u0103 mas\u0103,<br \/>\n\u2022 \u00cenainte de a ie\u015fi din cas\u0103,<br \/>\n\u2022 La \u00eenceperea \u015fi la sf\u00e2r\u015firea oric\u0103rui lucru,<br \/>\n\u2022 C\u00e2nd trecem pe l\u00e2ng\u0103 o r\u0103stignire sau pe l\u00e2ng\u0103 o biseric\u0103,<br \/>\n\u2022 C\u00e2nd ne sim\u0163im r\u0103u \u015fi invoc\u0103m ajutorul lui Dumnezeu,<br \/>\n\u2022 C\u00e2nd m\u0103rturisim, \u00eenaintea lui Dumnezeu \u015fi a sectan\u0163ilor,<br \/>\n\u2022 C\u00e2nd intr\u0103m \u00een biseric\u0103 \u015fi c\u00e2nd ie\u015fim, \u00een timpul serviciului divin din biseric\u0103,<br \/>\n\u2022 Seara \u00eenainte \u015fi dup\u0103 rug\u0103ciunile de sear\u0103.<br \/>\nCe \u00eensemn\u0103m cu Sf\u00e2nta Cruce?Este foarte bine \u015fi frumos c\u00e2nd cre\u015ftinii, din dragoste fa\u0163\u0103 de Dumnezeu, nu din fanatism \u00eenseamn\u0103 cu semnul Sfintei Cruci:<br \/>\n\u2022 Bucatele care urmeaz\u0103 s\u0103 le m\u0103n\u00e2nce;,<br \/>\n\u2022 Drumul, \u00eenainte de plecare,<br \/>\n\u2022 Perna \u015fi pere\u0163ii casei \u00eenainte de culcare \u015fi desigur pe noi \u00eensu\u015fine \u015fi pe copiii nostrii.[\/vc_column_text][vc_single_image image=&#8221;2136&#8243; img_size=&#8221;large&#8221; alignment=&#8221;center&#8221;][\/vc_column][\/vc_row]<\/p>\n<\/div>","protected":false},"excerpt":{"rendered":"<p>[vc_row][vc_column][vc_column_text]Crucea este un binecunoscut simbol crestin, sub semnul caruia noi cei cu credinta in Dumnezeu ne ducem viata, privind la ea cu incredere, speranta si dragoste. Semnul crucii ne insoteste<\/p>\n","protected":false},"author":1,"featured_media":0,"parent":0,"menu_order":0,"comment_status":"closed","ping_status":"closed","template":"","meta":{"_monsterinsights_skip_tracking":false,"_monsterinsights_sitenote_active":false,"_monsterinsights_sitenote_note":"","_monsterinsights_sitenote_category":0,"footnotes":""},"class_list":["post-2135","page","type-page","status-publish","hentry"],"_links":{"self":[{"href":"https:\/\/www.icoanata.ro\/index.php?rest_route=\/wp\/v2\/pages\/2135","targetHints":{"allow":["GET"]}}],"collection":[{"href":"https:\/\/www.icoanata.ro\/index.php?rest_route=\/wp\/v2\/pages"}],"about":[{"href":"https:\/\/www.icoanata.ro\/index.php?rest_route=\/wp\/v2\/types\/page"}],"author":[{"embeddable":true,"href":"https:\/\/www.icoanata.ro\/index.php?rest_route=\/wp\/v2\/users\/1"}],"replies":[{"embeddable":true,"href":"https:\/\/www.icoanata.ro\/index.php?rest_route=%2Fwp%2Fv2%2Fcomments&post=2135"}],"version-history":[{"count":2,"href":"https:\/\/www.icoanata.ro\/index.php?rest_route=\/wp\/v2\/pages\/2135\/revisions"}],"predecessor-version":[{"id":2140,"href":"https:\/\/www.icoanata.ro\/index.php?rest_route=\/wp\/v2\/pages\/2135\/revisions\/2140"}],"wp:attachment":[{"href":"https:\/\/www.icoanata.ro\/index.php?rest_route=%2Fwp%2Fv2%2Fmedia&parent=2135"}],"curies":[{"name":"wp","href":"https:\/\/api.w.org\/{rel}","templated":true}]}}