{"id":2142,"date":"2022-03-26T13:18:59","date_gmt":"2022-03-26T13:18:59","guid":{"rendered":"https:\/\/www.icoanata.ro\/?page_id=2142"},"modified":"2022-03-26T13:22:41","modified_gmt":"2022-03-26T13:22:41","slug":"cum-comand-livrare","status":"publish","type":"page","link":"https:\/\/www.icoanata.ro\/?page_id=2142","title":{"rendered":"Cum comand &#038; Livrare"},"content":{"rendered":"<div class=\"wpb-content-wrapper\"><p>[vc_row][vc_column][vc_column_text]Site-ul are caracter informativ \u0219i poate s\u0103 difere fa\u021b\u0103 de produsele livrate. Diferen\u021bele pot fi de culoare (nuan\u021b\u0103), design, dimensiuni \u0219i altele.[\/vc_column_text]<div id=\"kapee-header-27989\" class=\"kapee-element kapee-heading text-left kapee-width-100 separator-underline separator-between-heading\">\t\n\t\t\t\n\t\t\t<div class=\"heading-wrap\">\n\t\t\t<span class=\"separator-left\"><\/span>\n\t\t\t<h3 class=\"heading-title\">Cum livr\u0103m <\/h3>\t\t\t<span class=\"separator-right\"><\/span>\n\t\t\t\t\t<\/div>\n\t\t\n    <\/div>[vc_column_text]Dupa ce ati trimis comanda,\u00a0veti primi un e-mail de confirmare in care veti regasi lista cu produsele comandate si valoarea totala a comenzii. Termenul estimativ de livrare al comenzilor este afisat in cosul de cumparaturi la plasarea comenzii.[\/vc_column_text]<div id=\"kapee-header-25140\" class=\"kapee-element kapee-heading text-left kapee-width-100 separator-underline separator-between-heading\">\t\n\t\t\t\n\t\t\t<div class=\"heading-wrap\">\n\t\t\t<span class=\"separator-left\"><\/span>\n\t\t\t<h3 class=\"heading-title\">Cum pl\u0103titi <\/h3>\t\t\t<span class=\"separator-right\"><\/span>\n\t\t\t\t\t<\/div>\n\t\t\n    <\/div>[vc_column_text]Modalitatile de plata acceptate sunt:<\/p>\n<ul>\n<li>\u00a0Plata ramburs la livrare -diferenta 40%. In cazul in care doriti plata ramburs, trebuie achitat avans de 60% din valoarea icoanei.<\/li>\n<li>\u00a0Plata cu cardul ONLINE<\/li>\n<li>\u00a0Plata prin ordin de plata<\/li>\n<\/ul>\n<p>[\/vc_column_text]<div id=\"kapee-header-20331\" class=\"kapee-element kapee-heading text-left kapee-width-100 separator-underline separator-between-heading\">\t\n\t\t\t\n\t\t\t<div class=\"heading-wrap\">\n\t\t\t<span class=\"separator-left\"><\/span>\n\t\t\t<h3 class=\"heading-title\">PRELUCRAREA DATELOR CU CARACTER PERSONAL <\/h3>\t\t\t<span class=\"separator-right\"><\/span>\n\t\t\t\t\t<\/div>\n\t\t\n    <\/div>[vc_column_text]Dac\u0103 vi se solicit\u0103 s\u0103 furniza\u021bi informa\u021bii personale \u00een formularul de contact disponibil pe pagina noastr\u0103, cum ar fi numele, adresa, adresa de e-mail \u0219i num\u0103rul de telefon.<br \/>\nDatele dumneavoastr\u0103 numai pentru a r\u0103spunde \u00eentreb\u0103rilor \u0219i sugestiilor dumneavoastr\u0103. Datele nu sunt transferate si nici stocate.[\/vc_column_text]<div id=\"kapee-header-75228\" class=\"kapee-element kapee-heading text-left kapee-width-100 separator-underline separator-between-heading\">\t\n\t\t\t\n\t\t\t<div class=\"heading-wrap\">\n\t\t\t<span class=\"separator-left\"><\/span>\n\t\t\t<h3 class=\"heading-title\">Transport <\/h3>\t\t\t<span class=\"separator-right\"><\/span>\n\t\t\t\t\t<\/div>\n\t\t\n    <\/div>[vc_column_text]In cazul in care produsele nu se afla pe stoc, comanda va fi executata si expediata in termenul afisat de la data confirmarii comenzii.<\/p>\n<p>Ne rezervam dreptul de a refuza comenzi in regim de urgenta, daca nu putem garanta expedierea produselor in timp util.<\/p>\n<p>Comenzile sunt livrate doar pe teritoriul si in afara Romaniei, contra cost, prin societatile de curierat rapid partenere. Puteti alege locatia acasa, la serviciu sau o alta adresa.[\/vc_column_text]<div id=\"kapee-header-8840\" class=\"kapee-element kapee-heading text-left kapee-width-100 separator-underline separator-between-heading\">\t\n\t\t\t\n\t\t\t<div class=\"heading-wrap\">\n\t\t\t<span class=\"separator-left\"><\/span>\n\t\t\t<h3 class=\"heading-title\">Rambursari si Schimburi <\/h3>\t\t\t<span class=\"separator-right\"><\/span>\n\t\t\t\t\t<\/div>\n\t\t\n    <\/div>[vc_column_text]Conform\u00a0OG nr. 34\/2014, consumatorul are dreptul sa notifice in scris comerciantul ca renunta la cumparare, fara penalitati si fara invocarea unui motiv, in termen de 14 zile lucratoare de la primirea produsului.<\/p>\n<p>Conditii speciale se aplica pentru perisabile si furnizari de servicii a caror executie a inceput, cu acordul consumatorului, inaintea expirarii celor 14 zile mentionate ( ex: produsele realizate la comanda ).\u00a0Detalii si Formular de retur.[\/vc_column_text][\/vc_column][\/vc_row]<\/p>\n<\/div>","protected":false},"excerpt":{"rendered":"<p>[vc_row][vc_column][vc_column_text]Site-ul are caracter informativ \u0219i poate s\u0103 difere fa\u021b\u0103 de produsele livrate. Diferen\u021bele pot fi de culoare (nuan\u021b\u0103), design, dimensiuni \u0219i altele.[\/vc_column_text][vc_column_text]Dupa ce ati trimis comanda,\u00a0veti primi un e-mail de<\/p>\n","protected":false},"author":1,"featured_media":0,"parent":0,"menu_order":0,"comment_status":"closed","ping_status":"closed","template":"","meta":{"_monsterinsights_skip_tracking":false,"_monsterinsights_sitenote_active":false,"_monsterinsights_sitenote_note":"","_monsterinsights_sitenote_category":0,"footnotes":""},"class_list":["post-2142","page","type-page","status-publish","hentry"],"_links":{"self":[{"href":"https:\/\/www.icoanata.ro\/index.php?rest_route=\/wp\/v2\/pages\/2142","targetHints":{"allow":["GET"]}}],"collection":[{"href":"https:\/\/www.icoanata.ro\/index.php?rest_route=\/wp\/v2\/pages"}],"about":[{"href":"https:\/\/www.icoanata.ro\/index.php?rest_route=\/wp\/v2\/types\/page"}],"author":[{"embeddable":true,"href":"https:\/\/www.icoanata.ro\/index.php?rest_route=\/wp\/v2\/users\/1"}],"replies":[{"embeddable":true,"href":"https:\/\/www.icoanata.ro\/index.php?rest_route=%2Fwp%2Fv2%2Fcomments&post=2142"}],"version-history":[{"count":5,"href":"https:\/\/www.icoanata.ro\/index.php?rest_route=\/wp\/v2\/pages\/2142\/revisions"}],"predecessor-version":[{"id":2150,"href":"https:\/\/www.icoanata.ro\/index.php?rest_route=\/wp\/v2\/pages\/2142\/revisions\/2150"}],"wp:attachment":[{"href":"https:\/\/www.icoanata.ro\/index.php?rest_route=%2Fwp%2Fv2%2Fmedia&parent=2142"}],"curies":[{"name":"wp","href":"https:\/\/api.w.org\/{rel}","templated":true}]}}