{"id":2147,"date":"2022-03-26T13:21:59","date_gmt":"2022-03-26T13:21:59","guid":{"rendered":"https:\/\/www.icoanata.ro\/?page_id=2147"},"modified":"2022-03-26T13:25:48","modified_gmt":"2022-03-26T13:25:48","slug":"termeni-conditii","status":"publish","type":"page","link":"https:\/\/www.icoanata.ro\/?page_id=2147","title":{"rendered":"Termeni &#038; Conditii"},"content":{"rendered":"<div class=\"wpb-content-wrapper\"><p>[vc_row][vc_column][vc_column_text]Totalitatea con\u021binutului utilizabil si vizitabil acces\u00e2nd pagina de internet icoanata.ro.<\/p>\n<p>Parcurgerea si folosirea site-ului\u00a0icoanata.ro\u00a0de c\u0103tre utilizator reprezint\u0103 acordul acestuia f\u0103r\u0103 limit\u0103ri sau rezerve a prezentelor Termeni si Condi\u021bii. Orice achizi\u021bie efectuat\u0103 prin magazinul on line (site) este supus\u0103 Termenilor \u0219i Condi\u021biilor aici men\u021bionate \u0219i a Legisla\u021biei relevante.<\/p>\n<p>Denumit in cele ce urmeaz\u0103 \u201eUtilizator\u201d, acesta este orice persoana fizica sau juridica care folose\u0219te site-ul cu scopul de a se informa sau de a achizi\u021biona produsele comercializate prin intermediul acestuia. Utilizatorul poate folosi site-ul doar in condi\u021biile in care este de acord si respecta Termenii si Condi\u021biile.<\/p>\n<p>Prin \u00eensu\u0219irea prevederilor men\u021bionate in Termeni si Condi\u021bii, Utilizatorul ia la cuno\u0219tin\u021ba si \u00ee\u0219i asuma consecin\u021bele rezultate in urma nerespect\u0103rii prevederilor men\u021bionate.[\/vc_column_text]<div id=\"kapee-header-67415\" class=\"kapee-element kapee-heading text-left kapee-width-100 separator-underline separator-between-heading\">\t\n\t\t\t\n\t\t\t<div class=\"heading-wrap\">\n\t\t\t<span class=\"separator-left\"><\/span>\n\t\t\t<h2 class=\"heading-title\">Politica de confidentialitate <\/h2>\t\t\t<span class=\"separator-right\"><\/span>\n\t\t\t\t\t<\/div>\n\t\t\n    <\/div>[vc_column_text]Colectarea datelor personale introduse de catre Utilizator in formularul de comanda are ca scop informarea Utilizatorului referitor la starea contului creat pe site, informarea Utilizatorului referitor la activitatea site-ului, informarea Utilizatorului in legatura cu starea comenzii plasate pe site, produselor si a serviciilor oferite, livrarea produselor comandate, expedierea materialelor promotionale prin mijloace electronice.<\/p>\n<p>Utilizatorul este direct raspunzator de datele pe care le pune la dispozitia site-ului, luandu-si obligatia de a furniza date reale.\u00a0Orice eroare sau prejudiciu survenite in urma declararii unor date false sau eronate nu constituie obiect de raspundere din partea Vanzatorului, eventualele prejudicii produse Utilizatorului din aceasta cauza fiind suportate de catre acesta.<\/p>\n<p>Daca unele din datele furnizate de dumneavoastra sunt incorecte sau incomplete, avem rugamintea sa ne contactati cat mai curand pentru rezolvarea situatiei.<\/p>\n<p>In urma introducerii datelor cu caracter personal, Utilizatorul isi exprima acordul sa primeasca informatii, materiale promotionale prin intermediul e-mail, apel telefonic, SMS, Posta\/Curieri sau alte modalitati de comunicare.[\/vc_column_text]<div id=\"kapee-header-93151\" class=\"kapee-element kapee-heading text-left kapee-width-100 separator-underline separator-between-heading\">\t\n\t\t\t\n\t\t\t<div class=\"heading-wrap\">\n\t\t\t<span class=\"separator-left\"><\/span>\n\t\t\t<h2 class=\"heading-title\">Angajarea R\u0103spunderii Contractuale <\/h2>\t\t\t<span class=\"separator-right\"><\/span>\n\t\t\t\t\t<\/div>\n\t\t\n    <\/div>[vc_column_text]La momentul lans\u0103rii unei Comenzi pe Site, Utilizatorul accept\u0103 implicit modalitatea de comunicare (telefonic sau e-mail) prin care V\u00e2nz\u0103torul \u00ee\u0219i deruleaz\u0103 opera\u021biunile de prezentare \u0219i desfacere a produselor.<\/p>\n<p>Notificarea c\u0103tre Utilizator, dup\u0103 efectuarea Comenzii are rol de informare pentru \u00eenregistrarea solicit\u0103rii de cump\u0103rare si nu reprezint\u0103 acceptarea Comenzii. Aceasta notificare se face electronic (e-mail) f\u0103r\u0103 a fi procesat\u0103.<\/p>\n<p>Pentru motive justificate \u2013 inclusiv erori de sistem (evidente prin discrepan\u021be v\u0103dite precum pre\u021b derizoriu raportat la valoarea corect\u0103 a produsului), V\u00e2nz\u0103torul \u00ee\u0219i rezerva dreptul de a modifica cantitatea Bunurilor din Comanda p\u00e2n\u0103 la zero inclusiv. Dac\u0103 modific\u0103 cantitatea de Bunuri din Comanda va notifica Utilizatorul la adresa de e-mail sau la num\u0103rul de telefon puse la dispozi\u021bia V\u00e2nz\u0103torului la efectuarea Comenzii si va returna suma achitata sau diferen\u021ba.<\/p>\n<p>Contractul ne se considera \u00eencheiat intre V\u00e2nz\u0103tor si Utilizator dec\u00e2t \u00een momentul primirii de c\u0103tre Utilizator de la V\u00e2nz\u0103tor, prin e-mail sau GSM.<\/p>\n<p>Informa\u021biile prezentate pe Site-ul V\u00e2nz\u0103torului vor sta la baza Contractului, \u00een completarea acestuia fiind certificatul de garan\u021bie emis de c\u0103tre V\u00e2nz\u0103tor pentru Bunurile achizi\u021bionate.[\/vc_column_text]<div id=\"kapee-header-25537\" class=\"kapee-element kapee-heading text-left kapee-width-100 separator-underline separator-between-heading\">\t\n\t\t\t\n\t\t\t<div class=\"heading-wrap\">\n\t\t\t<span class=\"separator-left\"><\/span>\n\t\t\t<h2 class=\"heading-title\">Vanzarea Online <\/h2>\t\t\t<span class=\"separator-right\"><\/span>\n\t\t\t\t\t<\/div>\n\t\t\n    <\/div>[vc_column_text]V\u00e2nz\u0103rile se efectueaz\u0103 doar online.<\/p>\n<p>\u00cen principiu V\u00e2nz\u0103torul se adreseaz\u0103 oric\u0103rui Utilizator \u00een vederea v\u00e2nz\u0103rii Produselor.<\/p>\n<p>Pentru motive justificate V\u00e2nz\u0103torul \u00ee\u0219i rezerva dreptul de a restric\u021biona accesul Utilizatorului in vederea efectu\u0103rii unei Comenzi si\/sau la unele din modalit\u0103\u021bile de plata acceptate, in cazul in care considera ca in baza conduitei sau a activit\u0103\u021bii acelui Utilizator, ac\u021biunile acestuia ar putea prejudicia V\u00e2nz\u0103torul sau V\u00e2nz\u0103torul apreciaz\u0103 c\u0103 exist\u0103 inten\u021bia de fraud\u0103 la lege ori la prezentele Condi\u021bii. Justificarea se prezint\u0103 la cerere Utilizatorului al c\u0103rui acces a fost restric\u021bionat prin mijloacele de comunicare prezentate pe site. Orice protest va fi analizat, r\u0103spunsul \u0219i comunicarea acestuia este la latitudinea V\u00e2nz\u0103torului.<\/p>\n<p>Restric\u021bionarea accesului se poate face \u0219i pentru situa\u021bii \u00een care V\u00e2nz\u0103torul apreciaz\u0103 c\u0103 volumul neobi\u0219nuit de mare de trafic de la acela\u0219i utilizator sau acela\u0219i punct de acces la internet poate fi contrar intereselor sale \u00een protejarea propriet\u0103\u021bi intelectuale sau industriale.<\/p>\n<p>V\u00e2nz\u0103torul poate prezenta pe propriul site reclame sau promo\u021bii ale unor ter\u021bi, r\u0103spunderea V\u00e2nz\u0103torului pentru con\u021binutul acestor reclame sau promo\u021bii nu poate fi angajat\u0103.<\/p>\n<p>Pre\u021burile Produselor pe site sunt exprimate \u00een lei la valoare brut\u0103 (TVA inclus). Costurile de livrare nu sunt incluse \u00een acestea, fiind detaliate \u00een Termeni \u0219i Condi\u021bii \u00een rubric\u0103 distinct\u0103.<\/p>\n<p>In condi\u021biile prev\u0103zute de lege, pre\u021bul produselor electronice afi\u0219at pe Site, include Taxa de timbru verde. Utilizatorul poate solicita informa\u021bii despre acestea Conform\u00a0 OUG 5\/2015.<\/p>\n<p>Pl\u0103\u021bile efectuate de c\u0103tre Utilizator sunt \u00een lei, conform pre\u021bului afi\u0219at. Orice comision de transfer bancar sau de conversie valutar\u0103 sau orice alt cost perceput de banca pl\u0103titorului, banca corespondent\u0103 sau un ter\u021b implicat \u00een procesul de efectuare al pl\u0103\u021bii, este responsabilitatea Utilizatorului. \u00cen caz de restituire a sumei, V\u00e2nz\u0103torul este responsabil doar pentru pre\u021bul \u00eencasat (identic cu cel afi\u0219at pe site \u0219i acceptat \u00een comand\u0103).<\/p>\n<p>Informa\u021biile despre Produsele disponibile pe Site (imagini statice \/ dinamice \/ prezent\u0103ri multimedia \/ etc.) nu reprezint\u0103 o obliga\u021bie contractuala din partea V\u00e2nz\u0103torului, acestea fiind utilizate exclusiv cu titlu de prezentare.<\/p>\n<p>Produsele din cadrul site-ului icoanata.ro sunt originale si prelucrate ha de made.<\/p>\n<p>V\u00e2nz\u0103torul poate propune Cump\u0103r\u0103torului, dup\u0103 achizi\u021bionarea Produsului, \u00eenscrierea unui Review legat de produsul cump\u0103rat.\u00a0 Aceast\u0103 solicitare nu creeaz\u0103 Cump\u0103r\u0103torului vreo obliga\u021bie, scopul este de a ajuta viitorii Utilizatori s\u0103 cunoasc\u0103 de dinainte mai bine produsul dorit.<\/p>\n<p><strong>Comanda con\u021bine trei componente:<\/strong><\/p>\n<p>a. Comanda (include men\u021biuni clare asupra datelor de livrare si facturare) plus condi\u021biile sale specifice;<\/p>\n<p>b. Specifica\u021biile (observa\u021biile) utilizatorului \u2013 acolo unde este cazul;<\/p>\n<p>c. Acceptare Termeni si condi\u021biilor prin trimiterea comenzii.<\/p>\n<p>La plasarea unei comenzi, te rugam sa verifici cu aten\u021bie daca ceea ce comanzi este ceea ce i\u021bi dore\u0219ti. Nu ne asumam responsabilitatea datelor oferite gre\u0219it, nici in cazul unei comenzi electronice, nici in cazul unei comenzi telefonice (exemplu: cod de produs oferit gre\u0219it sau date de facturare si livrare oferite eronat).<\/p>\n<p>Atunci c\u00e2nd confirmam o comanda, acest lucru implica din partea Utilizatorului o acceptare completa a termenilor Comenzii.<\/p>\n<p>Nu consideram, in niciun moment, o comanda neconfirmata ca av\u00e2nd valoarea unui Contract. Prin comanda neconfirmata se \u00een\u021belege:<\/p>\n<ul>\n<li>transmiterea unor inform\u0103ri de tip e-mail prin Utilizatorul este informat ca, a fost recep\u021bionata Comanda, urm\u00e2nd sa verificam disponibilitatea produsului comandat in stoc precum si celelalte condi\u021bii de \u00eencheiere a contractului, confirmarea respectiv finalizarea v\u00e2nz\u0103rii urm\u00e2nd sa o realizam numai prin emiterea facturii fiscale si expedierea produsului,<\/li>\n<li>transmiterea de mesaje text (SMS) sau e-mail in care e\u0219ti anun\u021bat de programarea comenzii tale pentru livrare in cel mai scurt timp, in situa\u021bia in care aceasta va fi confirmata.<\/li>\n<\/ul>\n<p>Ne rezervam dreptul ca in intervalul cuprins intre plasarea comenzii si confirmarea comenzii, sa refuzam \u00eencheierea contractului la distanta in situa\u021bia in care manife\u0219ti o conduita negativa, reprobata de lege, pornind de la principiile edictate de Noul Cod Civil conform c\u0103rora orice persoana are \u00eendatorirea sa respecte regulile de conduita pe care legea le impune si sa nu aduc\u0103 atingere prin ac\u021biunile sau inac\u021biunile sale, drepturilor sau intereselor legitime ale altor persoane.[\/vc_column_text]<div id=\"kapee-header-52354\" class=\"kapee-element kapee-heading text-left kapee-width-100 separator-underline separator-between-heading\">\t\n\t\t\t\n\t\t\t<div class=\"heading-wrap\">\n\t\t\t<span class=\"separator-left\"><\/span>\n\t\t\t<h2 class=\"heading-title\">Garantia produsului <\/h2>\t\t\t<span class=\"separator-right\"><\/span>\n\t\t\t\t\t<\/div>\n\t\t\n    <\/div>[vc_column_text]Garan\u021bia (garan\u021bie \u2013 orice angajament asumat de v\u00e2nz\u0103tor sau producator fata de consumator, f\u0103r\u0103 solicitarea unor costuri suplimentare, de restituire a pre\u021bului pl\u0103tit de consumator, de reparare sau de inlocuire a produsului cumparat, daca acesta nu corespunde condi\u021biilor enun\u021bate in declara\u021biile referitoare la garan\u021bie sau in publicitatea aferenta \u2013 art. 2, pct 9 lit e din L449 \/2003); reprezint\u0103 obliga\u021bia legala si contractuala pe care V\u00e2nz\u0103torul o are c\u0103tre Utilizator, utilizatorul fiind reprezentat de orice persoana fizica sau juridica ce realizeaz\u0103 o tranzac\u021bie in scopul primirii de bunuri si prest\u0103rii de servicii din partea V\u00e2nz\u0103torului.<\/p>\n<p>Utilizatorul ia la cuno\u0219tin\u021ba si este de acord cu efectele si obliga\u021biile pe care garan\u021bia le reprezint\u0103 in momentul achizi\u021bion\u0103rii produsului, fie solicit\u00e2nd expunerea succinta a punctelor cheie din garan\u021bie,\u00a0 prin mijloacele de comunicare din site, unui reprezentant al firmei in momentul efectu\u0103rii comenzii, fie prin parcurgerea informa\u021biilor despre garan\u021bie, informa\u021bii ce se reg\u0103sesc pe site-ul catmobile.ro in sec\u021biunea termeni si condi\u021bii\/garan\u021bie.<\/p>\n<p>Garan\u021bia oferita de V\u00e2nz\u0103tor \u00eencepe sa-si produc\u0103 efectul in momentul ridic\u0103rii de la curier a produselor expediate.<\/p>\n<p><strong>Garantia oferita clientului inceteaza:<\/strong><\/p>\n<p>Atunci c\u00e2nd se constata de c\u0103tre personal autorizat \u00eencercarea de modificare a propriet\u0103\u021bilor materialelor si componentelor din care este fabricat obiectul, dar si la schimbarea destina\u021biei specificate a obiectului.<\/p>\n<p>Atunci c\u00e2nd garan\u021bia oferita de c\u0103tre firma \u00ee\u0219i \u00eencheie termenul de valabilitate.<\/p>\n<p>Atunci c\u00e2nd beneficiarul, in urma nerespect\u0103rii instruc\u021biunilor de utilizare si aplicare a produselor le provoac\u0103 daune ce pot sa provoace inutilizarea acestora in condi\u021biile specificate.<\/p>\n<p>Utilizatorul care a constatat primirea unui produs necorespunz\u0103tor cu obiectul c\u0103ruia ii este destinat, poate face uz de garan\u021bia oferita de V\u00e2nz\u0103tor in temeiul legii nr. 449\/2003. Aceasta constatare se va efectua in prezenta unui reprezentant al firmei, iar daca acest lucru nu este posibil, prin punerea la dispozi\u021bia firmei de materiale ce fac dovada neconformit\u0103\u021bii (poze, \u00eenregistr\u0103ri video)<\/p>\n<p>Solu\u021bionarea situa\u021biilor ce constituie obiectul garan\u021biei se va realiza prin returnarea contravalorii produsului achizi\u021bionat sau prin \u00eenlocuirea acestuia cu un alt produs ce nu prezinta problema constatata si care va corespunde d.p.d.v tehnic.<\/p>\n<p>Toate Bunurile, cu excep\u021bia Bunurilor resigilate, beneficiaz\u0103 de condi\u021bii de garan\u021bie conforme legisla\u021biei in vigoare si politicilor comerciale ale produc\u0103torilor. Bunurile sunt noi (excep\u021bie Bunurile resigilate), in ambalajele originale sau ambalate de c\u0103tre V\u00e2nz\u0103tor si provin din surse autorizate de fiecare produc\u0103tor in parte.<\/p>\n<p>Certificatele de garan\u021bie fie sunt emise direct de produc\u0103tor, in cazul in care acesta are o re\u021bea de service na\u021bionala, fie sunt emise de c\u0103tre V\u00e2nz\u0103tor.[\/vc_column_text]<div id=\"kapee-header-47878\" class=\"kapee-element kapee-heading text-left kapee-width-100 separator-underline separator-between-heading\">\t\n\t\t\t\n\t\t\t<div class=\"heading-wrap\">\n\t\t\t<span class=\"separator-left\"><\/span>\n\t\t\t<h2 class=\"heading-title\">Politica de retur <\/h2>\t\t\t<span class=\"separator-right\"><\/span>\n\t\t\t\t\t<\/div>\n\t\t\n    <\/div>[vc_column_text]Dreptul de retragere din contract<\/p>\n<p>Conform art. 9 din OUG 34\/2014, po\u021bi renun\u021ba la orice produs achizi\u021bionat online si care nu corespunde dorin\u021belor sau a\u0219tept\u0103rilor tale, in termen de 14 zile calendaristice [calculate de la ziua in care intri in posesia produsului] , cu justificicare scrisa sau sa motivezi aceasta alegere Pentru a beneficia de aceasta modalitate de denuntare unilaterala a contractului, restituirea Produsului trebuie sa se fac\u0103 exact in starea in care l-ai primit si sa fie \u00eenso\u021bit de toate accesoriile si documentele. Iti vom restitui pre\u021bul achitat pe produs in maximum 15 zile lucr\u0103toare de la data la care am primit Produsul [data recep\u021bionarii in depozit a produselor care au f\u0103cut obiectul v\u00e2nz\u0103rii] in depozit, in contul bancar pe care ni l-ai indicat. Cheltuielile ocazionate cu trimiterea Produsului, in cazul denun\u021b\u0103rii unilaterale a contractului, cad, conform legii, in sarcina ta.<\/p>\n<p>V\u00e2nz\u0103torul poate suporta valoarea returului (vezi mai jos) \u00een limita unei return\u0103ri.<\/p>\n<p>Cumparatorul este responsabil pentru diminuarea valorii produselor care rezulta din manipul\u0103ri, altele dec\u00e2t cele necesare pentru determinarea naturii, calit\u0103\u021bilor si func\u021bionarii produselor.<\/p>\n<p>Profesioni\u0219tii (orice persoana fizica sau juridica, publica sau privata, care ac\u021bioneaz\u0103 in cadrul activitatii sale comerciale, industriale sau de productie, artizanale ori liberale in leg\u0103tura cu contractele care intra sub incidenta ordonantei de urgenta nr 34\/2014, precum si orice persoana care actioneaza in acelasi scop, in numele sau pe seama acesteia: societ\u0103\u021bile, funda\u021biile asocia\u021biile, cooperativele, formele de organizare profesionale, cabinete individuale, grupate, institu\u021bii, orice entitate care nu este consumator conform art. 2 din\u00a0 Legea nr. 449\/2003\u00a0 privind v\u00e2nzarea produselor si garan\u021biile) asociate acestora nu beneficiaz\u0103 de dreptul de retur in 14 zile.<\/p>\n<p>Daca produsul recep\u021bionat se dovede\u0219te\u00a0a nu fi conform\u00a0cu specifica\u021biile prezentate pe site sau prezinta defect, cump\u0103r\u0103torul poate solicita returnarea acestuia pentru a fi \u00eenlocuit cu un alt produs sau poate opta pentru rambursarea integrala a contravalorii.<\/p>\n<p>Deoarece produsul este pe comanda acesta nu poate fi retunat decat daca nu se repecta modelul sau detaliile comenzii.[\/vc_column_text][\/vc_column][\/vc_row]<\/p>\n<\/div>","protected":false},"excerpt":{"rendered":"<p>[vc_row][vc_column][vc_column_text]Totalitatea con\u021binutului utilizabil si vizitabil acces\u00e2nd pagina de internet icoanata.ro. Parcurgerea si folosirea site-ului\u00a0icoanata.ro\u00a0de c\u0103tre utilizator reprezint\u0103 acordul acestuia f\u0103r\u0103 limit\u0103ri sau rezerve a prezentelor Termeni si Condi\u021bii. Orice achizi\u021bie<\/p>\n","protected":false},"author":1,"featured_media":0,"parent":0,"menu_order":0,"comment_status":"closed","ping_status":"closed","template":"","meta":{"_monsterinsights_skip_tracking":false,"_monsterinsights_sitenote_active":false,"_monsterinsights_sitenote_note":"","_monsterinsights_sitenote_category":0,"footnotes":""},"class_list":["post-2147","page","type-page","status-publish","hentry"],"_links":{"self":[{"href":"https:\/\/www.icoanata.ro\/index.php?rest_route=\/wp\/v2\/pages\/2147","targetHints":{"allow":["GET"]}}],"collection":[{"href":"https:\/\/www.icoanata.ro\/index.php?rest_route=\/wp\/v2\/pages"}],"about":[{"href":"https:\/\/www.icoanata.ro\/index.php?rest_route=\/wp\/v2\/types\/page"}],"author":[{"embeddable":true,"href":"https:\/\/www.icoanata.ro\/index.php?rest_route=\/wp\/v2\/users\/1"}],"replies":[{"embeddable":true,"href":"https:\/\/www.icoanata.ro\/index.php?rest_route=%2Fwp%2Fv2%2Fcomments&post=2147"}],"version-history":[{"count":5,"href":"https:\/\/www.icoanata.ro\/index.php?rest_route=\/wp\/v2\/pages\/2147\/revisions"}],"predecessor-version":[{"id":2151,"href":"https:\/\/www.icoanata.ro\/index.php?rest_route=\/wp\/v2\/pages\/2147\/revisions\/2151"}],"wp:attachment":[{"href":"https:\/\/www.icoanata.ro\/index.php?rest_route=%2Fwp%2Fv2%2Fmedia&parent=2147"}],"curies":[{"name":"wp","href":"https:\/\/api.w.org\/{rel}","templated":true}]}}