{"id":2760,"date":"2022-03-27T23:18:37","date_gmt":"2022-03-27T21:18:37","guid":{"rendered":"https:\/\/www.icoanata.ro\/?post_type=product&#038;p=2760"},"modified":"2023-02-19T17:06:33","modified_gmt":"2023-02-19T15:06:33","slug":"icoana-pictata-pe-lemn-maica-domnului-4","status":"publish","type":"product","link":"https:\/\/www.icoanata.ro\/?product=icoana-pictata-pe-lemn-maica-domnului-4","title":{"rendered":"Icoana pictata pe lemn &#8211; Maica Domnului"},"content":{"rendered":"<div class=\"wpb-content-wrapper\"><p>[vc_row][vc_column][vc_column_text]<strong>Termen livrare<\/strong>: 2 \u2013 9 saptamani (in functie de volumul comenzilor)<\/p>\n<p>Proteja\u021bi de umezeal\u0103 \u0219i curen\u021bi de aer. \u0218terge\u021bi numai cu o c\u00e2rp\u0103 uscat\u0103, perie pufoas\u0103. Pentru a proteja de temperaturile extreme \u0219i alte influen\u021be externe, cel mai bine va fi ca icoana s\u0103 o plaseze \u00een camera.<\/p>\n<p><em>Pentru alt modelul de icoana, atasati poza in formularul Contact.<\/em>[\/vc_column_text][\/vc_column][\/vc_row]<\/p>\n<\/div>","protected":false},"excerpt":{"rendered":"<p>Icoana este pictata si lucrata manual dupa canoanele bizantine.<\/p>\n<p><em>\u00a0<span style=\"color: #ff0000;\">\u00a0\u2666<\/span>\u00a0<strong>La cerere icoana poate fi sfintita<\/strong>\u00a0<span style=\"color: #ff0000;\"><strong>GRATUIT<\/strong>!<\/span><\/em><\/p>\n<p><span style=\"color: #ff6600;\"><strong>Materiale<\/strong>:<\/span> blat masiv din lemn de tei, emulsie ou, pigmenti naturali Grecia, foita de aur 24K, vernis pentru protectia picturii.<\/p>\n<p>&nbsp;<\/p>\n<p><em>Icoanele sunt originale, insotite de\u00a0<strong>certificat<\/strong>\u00a0<strong>de<\/strong>\u00a0<strong>a<\/strong><\/em><em><strong>utenticitate<\/strong>\u00a0si<strong>\u00a0liber pentru export<\/strong>, la cerere pot fi livrate in cutie de carton eleganta.<\/em><\/p>\n<p><em>\u00a0 \u00a0 \u00a0 \u00a0 Pentru alte dimensiuni sau intrebari telefon\u00a0<span style=\"color: #ff9900;\">0748.21<\/span><\/em><span style=\"color: #ff9900;\"><em>9.300<\/em><\/span><\/p>\n","protected":false},"featured_media":2877,"comment_status":"closed","ping_status":"closed","template":"","meta":{"_monsterinsights_skip_tracking":false,"_monsterinsights_sitenote_active":false,"_monsterinsights_sitenote_note":"","_monsterinsights_sitenote_category":0},"product_brand":[],"product_cat":[125,145],"product_tag":[154,155,156,159,160],"class_list":{"0":"post-2760","1":"product","2":"type-product","3":"status-publish","4":"has-post-thumbnail","6":"product_cat-maica-domnului","7":"product_cat-ocrotitori-copii-si-tineri","8":"product_tag-icoana-maica-domnului","9":"product_tag-icoane-bizantine","10":"product_tag-icoane-cu-foita-aur","11":"product_tag-icoane-facatoare-de-minuni","12":"product_tag-icoane-pictate-pe-lemn","14":"first","15":"instock","16":"shipping-taxable","17":"purchasable","18":"product-type-variable","19":"has-default-attributes"},"_links":{"self":[{"href":"https:\/\/www.icoanata.ro\/index.php?rest_route=\/wp\/v2\/product\/2760","targetHints":{"allow":["GET"]}}],"collection":[{"href":"https:\/\/www.icoanata.ro\/index.php?rest_route=\/wp\/v2\/product"}],"about":[{"href":"https:\/\/www.icoanata.ro\/index.php?rest_route=\/wp\/v2\/types\/product"}],"replies":[{"embeddable":true,"href":"https:\/\/www.icoanata.ro\/index.php?rest_route=%2Fwp%2Fv2%2Fcomments&post=2760"}],"wp:featuredmedia":[{"embeddable":true,"href":"https:\/\/www.icoanata.ro\/index.php?rest_route=\/wp\/v2\/media\/2877"}],"wp:attachment":[{"href":"https:\/\/www.icoanata.ro\/index.php?rest_route=%2Fwp%2Fv2%2Fmedia&parent=2760"}],"wp:term":[{"taxonomy":"product_brand","embeddable":true,"href":"https:\/\/www.icoanata.ro\/index.php?rest_route=%2Fwp%2Fv2%2Fproduct_brand&post=2760"},{"taxonomy":"product_cat","embeddable":true,"href":"https:\/\/www.icoanata.ro\/index.php?rest_route=%2Fwp%2Fv2%2Fproduct_cat&post=2760"},{"taxonomy":"product_tag","embeddable":true,"href":"https:\/\/www.icoanata.ro\/index.php?rest_route=%2Fwp%2Fv2%2Fproduct_tag&post=2760"}],"curies":[{"name":"wp","href":"https:\/\/api.w.org\/{rel}","templated":true}]}}