{"id":3473,"date":"2022-03-28T18:11:00","date_gmt":"2022-03-28T16:11:00","guid":{"rendered":"https:\/\/www.icoanata.ro\/?post_type=product&#038;p=3473"},"modified":"2023-02-19T16:20:58","modified_gmt":"2023-02-19T14:20:58","slug":"icoana-pictata-pe-lemn-mantuitorul","status":"publish","type":"product","link":"https:\/\/www.icoanata.ro\/?product=icoana-pictata-pe-lemn-mantuitorul","title":{"rendered":"Icoana pictata pe lemn Mantuitorul- Sfanta Mahrama"},"content":{"rendered":"<p><strong>Termen livrare<\/strong>: 2 &#8211; 9 saptamani (in functie de volumul comenzilor)<\/p>\n<p>Proteja\u021bi de umezeal\u0103 \u0219i curen\u021bi de aer. \u0218terge\u021bi numai cu o c\u00e2rp\u0103 uscat\u0103, perie pufoas\u0103. Pentru a proteja de temperaturile extreme \u0219i alte influen\u021be externe, cel mai bine va fi ca icoana s\u0103 se plaseze \u00een camera.<\/p>\n<p><span style=\"color: #808080;\"><em>Pentru alt modelul de icoana, atasati poza in formularul Contact.<\/em><\/span><\/p>\n","protected":false},"excerpt":{"rendered":"<p>Icoana este pictata si lucrata manual dupa canoanele bizantine.<\/p>\n<p style=\"text-align: left;\"><em>\u00a0<span style=\"color: #ff0000;\"> \u2666 <\/span><strong>La cerere icoana poate fi sfintita<\/strong> <span style=\"color: #ff0000;\"><strong>GRATUIT<\/strong>!<\/span><\/em><\/p>\n<p><span style=\"color: #ff6600;\"><strong>Materiale<\/strong><\/span>: blat masiv din lemn de tei, emulsie ou, pigmenti naturali Grecia, foita de aur 24K, vernis pentru protectia picturii.<\/p>\n<p>&nbsp;<\/p>\n<p style=\"text-align: center;\"><em>Icoanele sunt originale, insotite de\u00a0<strong>certificat<\/strong>\u00a0<strong>de<\/strong>\u00a0<strong>a<\/strong><\/em><em><strong>utenticitate<\/strong>\u00a0si<strong> liber pentru export<\/strong>, la cerere pot fi livrate in cutie de carton eleganta<\/em><\/p>\n<p style=\"text-align: center;\"><em>\u00a0 Pentru alte dimensiuni sau intrebari telefon <span style=\"color: #ff9900;\">0748.21<\/span><\/em><span style=\"color: #ff9900;\"><em>9.300<\/em><\/span><\/p>\n<p>&nbsp;<\/p>\n","protected":false},"featured_media":3472,"comment_status":"closed","ping_status":"closed","template":"","meta":{"_monsterinsights_skip_tracking":false,"_monsterinsights_sitenote_active":false,"_monsterinsights_sitenote_note":"","_monsterinsights_sitenote_category":0},"product_brand":[],"product_cat":[126],"product_tag":[155,156,159,167,160,164,166],"class_list":{"0":"post-3473","1":"product","2":"type-product","3":"status-publish","4":"has-post-thumbnail","6":"product_cat-iisus-hristos","7":"product_tag-icoane-bizantine","8":"product_tag-icoane-cu-foita-aur","9":"product_tag-icoane-facatoare-de-minuni","10":"product_tag-icoane-mantuitorul","11":"product_tag-icoane-pictate-pe-lemn","12":"product_tag-octotitori-copii-si-tineri","13":"product_tag-sanatate","15":"first","16":"instock","17":"shipping-taxable","18":"purchasable","19":"product-type-variable","20":"has-default-attributes"},"_links":{"self":[{"href":"https:\/\/www.icoanata.ro\/index.php?rest_route=\/wp\/v2\/product\/3473","targetHints":{"allow":["GET"]}}],"collection":[{"href":"https:\/\/www.icoanata.ro\/index.php?rest_route=\/wp\/v2\/product"}],"about":[{"href":"https:\/\/www.icoanata.ro\/index.php?rest_route=\/wp\/v2\/types\/product"}],"replies":[{"embeddable":true,"href":"https:\/\/www.icoanata.ro\/index.php?rest_route=%2Fwp%2Fv2%2Fcomments&post=3473"}],"wp:featuredmedia":[{"embeddable":true,"href":"https:\/\/www.icoanata.ro\/index.php?rest_route=\/wp\/v2\/media\/3472"}],"wp:attachment":[{"href":"https:\/\/www.icoanata.ro\/index.php?rest_route=%2Fwp%2Fv2%2Fmedia&parent=3473"}],"wp:term":[{"taxonomy":"product_brand","embeddable":true,"href":"https:\/\/www.icoanata.ro\/index.php?rest_route=%2Fwp%2Fv2%2Fproduct_brand&post=3473"},{"taxonomy":"product_cat","embeddable":true,"href":"https:\/\/www.icoanata.ro\/index.php?rest_route=%2Fwp%2Fv2%2Fproduct_cat&post=3473"},{"taxonomy":"product_tag","embeddable":true,"href":"https:\/\/www.icoanata.ro\/index.php?rest_route=%2Fwp%2Fv2%2Fproduct_tag&post=3473"}],"curies":[{"name":"wp","href":"https:\/\/api.w.org\/{rel}","templated":true}]}}